{"id":392,"date":"2025-01-03T21:03:47","date_gmt":"2025-01-03T20:03:47","guid":{"rendered":"https:\/\/gamesaz.cluster027.hosting.ovh.net\/?page_id=392"},"modified":"2025-01-04T01:34:55","modified_gmt":"2025-01-04T00:34:55","slug":"page_communiskill_form","status":"publish","type":"page","link":"https:\/\/gamesatwork.fr\/?page_id=392","title":{"rendered":"Page_CommuniSkill_Form"},"content":{"rendered":"\t\t<div data-elementor-type=\"wp-page\" data-elementor-id=\"392\" class=\"elementor elementor-392\">\n\t\t\t\t<div class=\"elementor-element elementor-element-dce277b e-flex e-con-boxed e-con e-parent\" data-id=\"dce277b\" data-element_type=\"container\">\n\t\t\t\t\t<div class=\"e-con-inner\">\n\t\t\t\t<div class=\"elementor-element elementor-element-66ee212 elementor-widget elementor-widget-heading\" data-id=\"66ee212\" data-element_type=\"widget\" data-widget_type=\"heading.default\">\n\t\t\t\t<div class=\"elementor-widget-container\">\n\t\t\t\t\t<h1 class=\"elementor-heading-title elementor-size-default\">VOUS AVEZ D\u00c9J\u00c0 JOU\u00c9 \u00c0 COMMUNI-SKILL ?<\/h1>\t\t\t\t<\/div>\n\t\t\t\t<\/div>\n\t\t\t\t\t<\/div>\n\t\t\t\t<\/div>\n\t\t<div class=\"elementor-element elementor-element-b10a102 e-grid e-con-boxed e-con e-parent\" data-id=\"b10a102\" data-element_type=\"container\">\n\t\t\t\t\t<div class=\"e-con-inner\">\n\t\t<div class=\"elementor-element elementor-element-8eff62b e-con-full e-flex e-con e-child\" data-id=\"8eff62b\" data-element_type=\"container\">\n\t\t<div class=\"elementor-element elementor-element-fb2958b e-con-full e-flex elementor-invisible e-con e-child\" data-id=\"fb2958b\" data-element_type=\"container\" data-settings=\"{&quot;animation&quot;:&quot;fadeInLeft&quot;}\">\n\t\t\t\t<div class=\"elementor-element elementor-element-5255c81 elementor-widget elementor-widget-text-editor\" data-id=\"5255c81\" data-element_type=\"widget\" data-widget_type=\"text-editor.default\">\n\t\t\t\t<div class=\"elementor-widget-container\">\n\t\t\t\t\t\t\t\t\t<p>Et vous avez 2 petites minutes devant vous ? Vous pouvez grandement nous aider \u00e0 am\u00e9liorer la qualit\u00e9 de notre travail en r\u00e9pondant \u00e0 ce petit questionnaire concernant l\u2019activit\u00e9 Communi<span class=\"box\">\u2011<\/span>Skill.<\/p><div><span class=\"BxUVEf ILfuVd\" lang=\"fr\"><span class=\"hgKElc\">\ud83d\ude4f<\/span><\/span> Merci !<\/div><div>\u00a0<\/div><div><i>Aucune exploitation commerciale ne sera faite des donn\u00e9es conserv\u00e9es.<\/i><\/div>\t\t\t\t\t\t\t\t<\/div>\n\t\t\t\t<\/div>\n\t\t\t\t<\/div>\n\t\t\t\t<\/div>\n\t\t\t\t<div class=\"elementor-element elementor-element-57e83cb elementor-invisible elementor-widget elementor-widget-image\" data-id=\"57e83cb\" data-element_type=\"widget\" data-settings=\"{&quot;_animation&quot;:&quot;fadeInRight&quot;}\" data-widget_type=\"image.default\">\n\t\t\t\t<div class=\"elementor-widget-container\">\n\t\t\t\t\t\t\t\t\t\t\t\t\t\t\t<img fetchpriority=\"high\" decoding=\"async\" width=\"300\" height=\"200\" src=\"https:\/\/gamesatwork.fr\/wp-content\/uploads\/2024\/12\/IMG_5138-300x200.jpg\" class=\"attachment-medium size-medium wp-image-189\" alt=\"\" srcset=\"https:\/\/gamesatwork.fr\/wp-content\/uploads\/2024\/12\/IMG_5138-300x200.jpg 300w, https:\/\/gamesatwork.fr\/wp-content\/uploads\/2024\/12\/IMG_5138-1024x683.jpg 1024w, https:\/\/gamesatwork.fr\/wp-content\/uploads\/2024\/12\/IMG_5138-768x512.jpg 768w, https:\/\/gamesatwork.fr\/wp-content\/uploads\/2024\/12\/IMG_5138-1536x1024.jpg 1536w, https:\/\/gamesatwork.fr\/wp-content\/uploads\/2024\/12\/IMG_5138-2048x1365.jpg 2048w\" sizes=\"(max-width: 300px) 100vw, 300px\" \/>\t\t\t\t\t\t\t\t\t\t\t\t\t\t\t<\/div>\n\t\t\t\t<\/div>\n\t\t\t\t\t<\/div>\n\t\t\t\t<\/div>\n\t\t<div class=\"elementor-element elementor-element-d1d2161 e-flex e-con-boxed e-con e-parent\" data-id=\"d1d2161\" data-element_type=\"container\" data-settings=\"{&quot;background_background&quot;:&quot;classic&quot;}\">\n\t\t\t\t\t<div class=\"e-con-inner\">\n\t\t\t\t<div class=\"elementor-element elementor-element-8f14ea7 elementor-widget elementor-widget-html\" data-id=\"8f14ea7\" data-element_type=\"widget\" data-widget_type=\"html.default\">\n\t\t\t\t<div class=\"elementor-widget-container\">\n\t\t\t\t\t<iframe src=\"https:\/\/docs.google.com\/forms\/d\/e\/1FAIpQLSfmvhPUVB7t2um4CnB4zH6x1E6fhUQg4Oe3aNGDVMxsjBjfaw\/viewform?embedded=true\" width=\"640\" height=\"2478\" frameborder=\"0\" marginheight=\"0\" marginwidth=\"0\">Chargement\u2026<\/iframe>\t\t\t\t<\/div>\n\t\t\t\t<\/div>\n\t\t\t\t\t<\/div>\n\t\t\t\t<\/div>\n\t\t\t\t<\/div>\n\t\t","protected":false},"excerpt":{"rendered":"<p>VOUS AVEZ D\u00c9J\u00c0 JOU\u00c9 \u00c0 COMMUNI-SKILL ? Et vous avez 2 petites minutes devant vous ? Vous pouvez grandement nous [&hellip;]<\/p>\n","protected":false},"author":1,"featured_media":0,"parent":0,"menu_order":0,"comment_status":"closed","ping_status":"closed","template":"","meta":{"site-sidebar-layout":"no-sidebar","site-content-layout":"","ast-site-content-layout":"full-width-container","site-content-style":"default","site-sidebar-style":"default","ast-global-header-display":"","ast-banner-title-visibility":"","ast-main-header-display":"","ast-hfb-above-header-display":"","ast-hfb-below-header-display":"","ast-hfb-mobile-header-display":"","site-post-title":"disabled","ast-breadcrumbs-content":"","ast-featured-img":"disabled","footer-sml-layout":"","theme-transparent-header-meta":"","adv-header-id-meta":"","stick-header-meta":"","header-above-stick-meta":"","header-main-stick-meta":"","header-below-stick-meta":"","astra-migrate-meta-layouts":"default","ast-page-background-enabled":"default","ast-page-background-meta":{"desktop":{"background-color":"var(--ast-global-color-4)","background-image":"","background-repeat":"repeat","background-position":"center center","background-size":"auto","background-attachment":"scroll","background-type":"","background-media":"","overlay-type":"","overlay-color":"","overlay-opacity":"","overlay-gradient":""},"tablet":{"background-color":"","background-image":"","background-repeat":"repeat","background-position":"center center","background-size":"auto","background-attachment":"scroll","background-type":"","background-media":"","overlay-type":"","overlay-color":"","overlay-opacity":"","overlay-gradient":""},"mobile":{"background-color":"","background-image":"","background-repeat":"repeat","background-position":"center center","background-size":"auto","background-attachment":"scroll","background-type":"","background-media":"","overlay-type":"","overlay-color":"","overlay-opacity":"","overlay-gradient":""}},"ast-content-background-meta":{"desktop":{"background-color":"var(--ast-global-color-5)","background-image":"","background-repeat":"repeat","background-position":"center center","background-size":"auto","background-attachment":"scroll","background-type":"","background-media":"","overlay-type":"","overlay-color":"","overlay-opacity":"","overlay-gradient":""},"tablet":{"background-color":"var(--ast-global-color-5)","background-image":"","background-repeat":"repeat","background-position":"center center","background-size":"auto","background-attachment":"scroll","background-type":"","background-media":"","overlay-type":"","overlay-color":"","overlay-opacity":"","overlay-gradient":""},"mobile":{"background-color":"var(--ast-global-color-5)","background-image":"","background-repeat":"repeat","background-position":"center center","background-size":"auto","background-attachment":"scroll","background-type":"","background-media":"","overlay-type":"","overlay-color":"","overlay-opacity":"","overlay-gradient":""}},"footnotes":""},"class_list":["post-392","page","type-page","status-publish","hentry"],"_links":{"self":[{"href":"https:\/\/gamesatwork.fr\/index.php?rest_route=\/wp\/v2\/pages\/392","targetHints":{"allow":["GET"]}}],"collection":[{"href":"https:\/\/gamesatwork.fr\/index.php?rest_route=\/wp\/v2\/pages"}],"about":[{"href":"https:\/\/gamesatwork.fr\/index.php?rest_route=\/wp\/v2\/types\/page"}],"author":[{"embeddable":true,"href":"https:\/\/gamesatwork.fr\/index.php?rest_route=\/wp\/v2\/users\/1"}],"replies":[{"embeddable":true,"href":"https:\/\/gamesatwork.fr\/index.php?rest_route=%2Fwp%2Fv2%2Fcomments&post=392"}],"version-history":[{"count":25,"href":"https:\/\/gamesatwork.fr\/index.php?rest_route=\/wp\/v2\/pages\/392\/revisions"}],"predecessor-version":[{"id":538,"href":"https:\/\/gamesatwork.fr\/index.php?rest_route=\/wp\/v2\/pages\/392\/revisions\/538"}],"wp:attachment":[{"href":"https:\/\/gamesatwork.fr\/index.php?rest_route=%2Fwp%2Fv2%2Fmedia&parent=392"}],"curies":[{"name":"wp","href":"https:\/\/api.w.org\/{rel}","templated":true}]}}