{"id":12,"date":"2024-12-21T17:58:34","date_gmt":"2024-12-21T16:58:34","guid":{"rendered":"https:\/\/gamesaz.cluster027.hosting.ovh.net\/?page_id=12"},"modified":"2025-01-04T03:10:49","modified_gmt":"2025-01-04T02:10:49","slug":"page-daccueil","status":"publish","type":"page","link":"https:\/\/gamesatwork.fr\/","title":{"rendered":"Page_Accueil_games@work"},"content":{"rendered":"\t\t<div data-elementor-type=\"wp-page\" data-elementor-id=\"12\" class=\"elementor elementor-12\">\n\t\t\t\t<div class=\"elementor-element elementor-element-62dd2c6 e-flex e-con-boxed e-con e-parent\" data-id=\"62dd2c6\" data-element_type=\"container\">\n\t\t\t\t\t<div class=\"e-con-inner\">\n\t\t\t\t<div class=\"elementor-element elementor-element-abeb174 elementor-widget elementor-widget-heading\" data-id=\"abeb174\" data-element_type=\"widget\" data-widget_type=\"heading.default\">\n\t\t\t\t<div class=\"elementor-widget-container\">\n\t\t\t\t\t<h1 class=\"elementor-heading-title elementor-size-default\">GAMES@WORK<\/h1>\t\t\t\t<\/div>\n\t\t\t\t<\/div>\n\t\t\t\t\t<\/div>\n\t\t\t\t<\/div>\n\t\t<div class=\"elementor-element elementor-element-1029b10 e-flex e-con-boxed e-con e-parent\" data-id=\"1029b10\" data-element_type=\"container\">\n\t\t\t\t\t<div class=\"e-con-inner\">\n\t\t\t\t<div class=\"elementor-element elementor-element-a79ac90 elementor-widget elementor-widget-heading\" data-id=\"a79ac90\" data-element_type=\"widget\" data-widget_type=\"heading.default\">\n\t\t\t\t<div class=\"elementor-widget-container\">\n\t\t\t\t\t<h2 class=\"elementor-heading-title elementor-size-default\"> Une Approche Ludique pour D\u00e9velopper Vos Comp\u00e9tences<\/h2>\t\t\t\t<\/div>\n\t\t\t\t<\/div>\n\t\t<div class=\"elementor-element elementor-element-28f4c01 e-grid e-con-full e-con e-child\" data-id=\"28f4c01\" data-element_type=\"container\">\n\t\t<div class=\"elementor-element elementor-element-3a1016a e-con-full e-flex e-con e-child\" data-id=\"3a1016a\" data-element_type=\"container\">\n\t\t\t\t<div class=\"elementor-element elementor-element-dda605f elementor-widget__width-initial elementor-invisible elementor-widget elementor-widget-image\" data-id=\"dda605f\" data-element_type=\"widget\" data-settings=\"{&quot;_animation&quot;:&quot;fadeInLeft&quot;}\" data-widget_type=\"image.default\">\n\t\t\t\t<div class=\"elementor-widget-container\">\n\t\t\t\t\t\t\t\t\t\t\t\t\t\t\t<img fetchpriority=\"high\" decoding=\"async\" width=\"768\" height=\"510\" src=\"https:\/\/gamesatwork.fr\/wp-content\/uploads\/2024\/12\/group-creative-friends-sitting-wooden-table-people-were-having-fun-while-playing-board-game-768x510.jpg\" class=\"attachment-medium_large size-medium_large wp-image-354\" alt=\"\" srcset=\"https:\/\/gamesatwork.fr\/wp-content\/uploads\/2024\/12\/group-creative-friends-sitting-wooden-table-people-were-having-fun-while-playing-board-game-768x510.jpg 768w, https:\/\/gamesatwork.fr\/wp-content\/uploads\/2024\/12\/group-creative-friends-sitting-wooden-table-people-were-having-fun-while-playing-board-game-300x199.jpg 300w, https:\/\/gamesatwork.fr\/wp-content\/uploads\/2024\/12\/group-creative-friends-sitting-wooden-table-people-were-having-fun-while-playing-board-game-1024x680.jpg 1024w, https:\/\/gamesatwork.fr\/wp-content\/uploads\/2024\/12\/group-creative-friends-sitting-wooden-table-people-were-having-fun-while-playing-board-game-1536x1019.jpg 1536w, https:\/\/gamesatwork.fr\/wp-content\/uploads\/2024\/12\/group-creative-friends-sitting-wooden-table-people-were-having-fun-while-playing-board-game-2048x1359.jpg 2048w\" sizes=\"(max-width: 768px) 100vw, 768px\" \/>\t\t\t\t\t\t\t\t\t\t\t\t\t\t\t<\/div>\n\t\t\t\t<\/div>\n\t\t\t\t<\/div>\n\t\t<div class=\"elementor-element elementor-element-5fb36f8 e-con-full e-flex e-con e-child\" data-id=\"5fb36f8\" data-element_type=\"container\">\n\t\t\t\t<div class=\"elementor-element elementor-element-862e6db elementor-widget elementor-widget-text-editor\" data-id=\"862e6db\" data-element_type=\"widget\" data-widget_type=\"text-editor.default\">\n\t\t\t\t<div class=\"elementor-widget-container\">\n\t\t\t\t\t\t\t\t\t<p>Chez <strong>GAMES@WORK<\/strong>, nous transformons la formation et la collaboration en v\u00e9ritables exp\u00e9riences ludiques gr\u00e2ce \u00e0 des Serious Games et des activit\u00e9s sur mesure.<\/p><p><strong><span id=\"copy-emoji\" class=\"efont\"><img decoding=\"async\" class=\"emoji\" role=\"img\" draggable=\"false\" src=\"https:\/\/s.w.org\/images\/core\/emoji\/15.0.3\/svg\/1f680.svg\" alt=\"\ud83d\ude80\" \/><\/span> Notre mission<\/strong> : renforcer la coh\u00e9sion d\u2019\u00e9quipe, d\u00e9velopper les comp\u00e9tences professionnelles et rendre l\u2019apprentissage \u00e0 la fois efficace, m\u00e9morable et innovant.<\/p><p>Transformez vos d\u00e9fis professionnels en opportunit\u00e9s ludiques !<\/p>\t\t\t\t\t\t\t\t<\/div>\n\t\t\t\t<\/div>\n\t\t\t\t<\/div>\n\t\t\t\t<\/div>\n\t\t\t\t\t<\/div>\n\t\t\t\t<\/div>\n\t\t<div class=\"elementor-element elementor-element-f666afa e-con-full e-flex e-con e-parent\" data-id=\"f666afa\" data-element_type=\"container\" data-settings=\"{&quot;background_background&quot;:&quot;classic&quot;}\">\n\t\t\t\t<div class=\"elementor-element elementor-element-0ddaf04 elementor-widget elementor-widget-heading\" data-id=\"0ddaf04\" data-element_type=\"widget\" data-widget_type=\"heading.default\">\n\t\t\t\t<div class=\"elementor-widget-container\">\n\t\t\t\t\t<h2 class=\"elementor-heading-title elementor-size-default\">Notre nouveau jeu : COMMUNI-SKILL<\/h2>\t\t\t\t<\/div>\n\t\t\t\t<\/div>\n\t\t\t\t<div class=\"elementor-element elementor-element-c97ced8 animated-slow elementor-position-top elementor-invisible elementor-widget elementor-widget-image-box\" data-id=\"c97ced8\" data-element_type=\"widget\" data-settings=\"{&quot;_animation&quot;:&quot;zoomIn&quot;}\" data-widget_type=\"image-box.default\">\n\t\t\t\t<div class=\"elementor-widget-container\">\n\t\t\t\t\t<div class=\"elementor-image-box-wrapper\"><figure class=\"elementor-image-box-img\"><a href=\"https:\/\/gamesatwork.fr\/?page_id=24\" tabindex=\"-1\"><img decoding=\"async\" width=\"210\" height=\"300\" src=\"https:\/\/gamesatwork.fr\/wp-content\/uploads\/2024\/12\/Communiskill-Packaging-couvercle-dessus-210x300.png\" class=\"attachment-medium size-medium wp-image-92\" alt=\"\" srcset=\"https:\/\/gamesatwork.fr\/wp-content\/uploads\/2024\/12\/Communiskill-Packaging-couvercle-dessus-210x300.png 210w, https:\/\/gamesatwork.fr\/wp-content\/uploads\/2024\/12\/Communiskill-Packaging-couvercle-dessus-717x1024.png 717w, https:\/\/gamesatwork.fr\/wp-content\/uploads\/2024\/12\/Communiskill-Packaging-couvercle-dessus-768x1097.png 768w, https:\/\/gamesatwork.fr\/wp-content\/uploads\/2024\/12\/Communiskill-Packaging-couvercle-dessus-1075x1536.png 1075w, https:\/\/gamesatwork.fr\/wp-content\/uploads\/2024\/12\/Communiskill-Packaging-couvercle-dessus.png 1293w\" sizes=\"(max-width: 210px) 100vw, 210px\" \/><\/a><\/figure><div class=\"elementor-image-box-content\"><p class=\"elementor-image-box-description\">D\u00e9couvrez d\u00e8s \u00e0 pr\u00e9sent notre nouveau jeu p\u00e9dagogique pour d\u00e9velopper ses comp\u00e9tences de communication au travail<\/p><\/div><\/div>\t\t\t\t<\/div>\n\t\t\t\t<\/div>\n\t\t\t\t<\/div>\n\t\t\t\t<\/div>\n\t\t","protected":false},"excerpt":{"rendered":"<p>GAMES@WORK Une Approche Ludique pour D\u00e9velopper Vos Comp\u00e9tences Chez GAMES@WORK, nous transformons la formation et la collaboration en v\u00e9ritables exp\u00e9riences [&hellip;]<\/p>\n","protected":false},"author":1,"featured_media":0,"parent":0,"menu_order":0,"comment_status":"closed","ping_status":"closed","template":"","meta":{"site-sidebar-layout":"default","site-content-layout":"","ast-site-content-layout":"","site-content-style":"default","site-sidebar-style":"default","ast-global-header-display":"","ast-banner-title-visibility":"","ast-main-header-display":"","ast-hfb-above-header-display":"","ast-hfb-below-header-display":"","ast-hfb-mobile-header-display":"","site-post-title":"disabled","ast-breadcrumbs-content":"","ast-featured-img":"","footer-sml-layout":"","theme-transparent-header-meta":"","adv-header-id-meta":"","stick-header-meta":"","header-above-stick-meta":"","header-main-stick-meta":"","header-below-stick-meta":"","astra-migrate-meta-layouts":"default","ast-page-background-enabled":"default","ast-page-background-meta":{"desktop":{"background-color":"var(--ast-global-color-4)","background-image":"","background-repeat":"repeat","background-position":"center center","background-size":"auto","background-attachment":"scroll","background-type":"","background-media":"","overlay-type":"","overlay-color":"","overlay-opacity":"","overlay-gradient":""},"tablet":{"background-color":"","background-image":"","background-repeat":"repeat","background-position":"center center","background-size":"auto","background-attachment":"scroll","background-type":"","background-media":"","overlay-type":"","overlay-color":"","overlay-opacity":"","overlay-gradient":""},"mobile":{"background-color":"","background-image":"","background-repeat":"repeat","background-position":"center center","background-size":"auto","background-attachment":"scroll","background-type":"","background-media":"","overlay-type":"","overlay-color":"","overlay-opacity":"","overlay-gradient":""}},"ast-content-background-meta":{"desktop":{"background-color":"var(--ast-global-color-5)","background-image":"","background-repeat":"repeat","background-position":"center center","background-size":"auto","background-attachment":"scroll","background-type":"","background-media":"","overlay-type":"","overlay-color":"","overlay-opacity":"","overlay-gradient":""},"tablet":{"background-color":"var(--ast-global-color-5)","background-image":"","background-repeat":"repeat","background-position":"center center","background-size":"auto","background-attachment":"scroll","background-type":"","background-media":"","overlay-type":"","overlay-color":"","overlay-opacity":"","overlay-gradient":""},"mobile":{"background-color":"var(--ast-global-color-5)","background-image":"","background-repeat":"repeat","background-position":"center center","background-size":"auto","background-attachment":"scroll","background-type":"","background-media":"","overlay-type":"","overlay-color":"","overlay-opacity":"","overlay-gradient":""}},"footnotes":""},"class_list":["post-12","page","type-page","status-publish","hentry"],"_links":{"self":[{"href":"https:\/\/gamesatwork.fr\/index.php?rest_route=\/wp\/v2\/pages\/12","targetHints":{"allow":["GET"]}}],"collection":[{"href":"https:\/\/gamesatwork.fr\/index.php?rest_route=\/wp\/v2\/pages"}],"about":[{"href":"https:\/\/gamesatwork.fr\/index.php?rest_route=\/wp\/v2\/types\/page"}],"author":[{"embeddable":true,"href":"https:\/\/gamesatwork.fr\/index.php?rest_route=\/wp\/v2\/users\/1"}],"replies":[{"embeddable":true,"href":"https:\/\/gamesatwork.fr\/index.php?rest_route=%2Fwp%2Fv2%2Fcomments&post=12"}],"version-history":[{"count":110,"href":"https:\/\/gamesatwork.fr\/index.php?rest_route=\/wp\/v2\/pages\/12\/revisions"}],"predecessor-version":[{"id":602,"href":"https:\/\/gamesatwork.fr\/index.php?rest_route=\/wp\/v2\/pages\/12\/revisions\/602"}],"wp:attachment":[{"href":"https:\/\/gamesatwork.fr\/index.php?rest_route=%2Fwp%2Fv2%2Fmedia&parent=12"}],"curies":[{"name":"wp","href":"https:\/\/api.w.org\/{rel}","templated":true}]}}